{"id":3120,"date":"2025-12-14T12:59:26","date_gmt":"2025-12-14T11:59:26","guid":{"rendered":"https:\/\/easytenerifetravel.com\/adatkezelesi-tajekoztato\/"},"modified":"2026-02-04T21:40:21","modified_gmt":"2026-02-04T20:40:21","slug":"aviso-de-privacidad","status":"publish","type":"page","link":"https:\/\/easytenerifetravel.com\/es\/aviso-de-privacidad\/","title":{"rendered":"Aviso de privacidad"},"content":{"rendered":"\n<div class=\"wp-block-greenshift-blocks-container gspb_container gspb_container-gsbp-56f5492\" id=\"gspb_container-id-gsbp-56f5492\">\n<div class=\"wp-block-greenshift-blocks-container gspb_container gspb_container-gsbp-0119fed\" id=\"gspb_container-id-gsbp-0119fed\">\n<h1 id=\"gspb_heading-id-gsbp-5dd0acb\" class=\"gspb_heading gspb_heading-id-gsbp-5dd0acb \"><strong>\ud83e\uddfe<\/strong> Aviso de privacidad (Espa\u00f1a)<span class=\"gspb_heading_subtitle\">para sitio web de reservas de alojamiento<\/span><\/h1>\n\n\n\n<p>El objetivo de este Aviso de Privacidad es informar a los usuarios del sitio web (en adelante: Sitio Web) sobre el tratamiento de datos personales de acuerdo con el RGPD de la UE y la LOPDGDD espa\u00f1ola.<\/p>\n\n\n\n<h2 class=\"wp-block-heading\" id=\"1-datos-del-responsable-del-tratamiento\"><strong>1. Datos del responsable del tratamiento<\/strong><\/h2>\n\n\n\n<p><strong>Responsable del tratamiento<\/strong>: Domj\u00e1n Edit<br><strong>Domicilio<\/strong>: 38639 Golf del Sur Avenida Jose Miguel Galvan Bello Green Park 330<br><strong>Correo electr\u00f3nico<\/strong>: <a href=\"mailto:domjan.edit@easytenerifetravel.com\">domjan.edit@easytenerifetravel.com<\/a><br><strong>Tel\u00e9fono<\/strong>: <a href=\"tel:+36302893533\">+36 30 289 3533<\/a><\/p>\n\n\n\n<h2 class=\"wp-block-heading\" id=\"2-categorias-de-datos-personales-tratados\"><strong>2. Categor\u00edas de datos personales tratados<\/strong><\/h2>\n\n\n\n<h3 class=\"wp-block-heading\" id=\"2-1-datos-de-reserva\"><strong>2.1. Datos de reserva:<\/strong><\/h3>\n\n\n\n<ul class=\"wp-block-list\">\n<li>nombre<\/li>\n\n\n\n<li>tel\u00e9fono<\/li>\n\n\n\n<li>correo electr\u00f3nico<\/li>\n\n\n\n<li>fecha de entrada y salida<\/li>\n\n\n\n<li>n\u00famero de hu\u00e9spedes<\/li>\n\n\n\n<li>comentarios del usuario<\/li>\n<\/ul>\n\n\n\n<h3 class=\"wp-block-heading\" id=\"2-2-formulario-de-contacto\"><strong>2.2. Formulario de contacto:<\/strong><\/h3>\n\n\n\n<ul class=\"wp-block-list\">\n<li>nombre<\/li>\n\n\n\n<li>orreo electr\u00f3nico<\/li>\n\n\n\n<li>tel\u00e9fono (opcional)<\/li>\n\n\n\n<li>contenido del mensaje<\/li>\n<\/ul>\n\n\n\n<h3 class=\"wp-block-heading\" id=\"2-3-datos-de-navegacion-cookies\"><strong>2.3. Datos de navegaci\u00f3n \/ Cookies<\/strong><\/h3>\n\n\n\n<ul class=\"wp-block-list\">\n<li>tipo de navegador y dispositivo<\/li>\n\n\n\n<li>datos estad\u00edsticos<\/li>\n\n\n\n<li>cookies t\u00e9cnicas\/anal\u00edticas\/de preferencias<\/li>\n<\/ul>\n\n\n\n<h2 class=\"wp-block-heading\" id=\"3-finalidad-y-base-legal-del-tratamiento\"><strong>3. Finalidad y base legal del tratamiento<\/strong><\/h2>\n\n\n\n<h3 class=\"wp-block-heading\" id=\"3-1-gestion-de-reservas\"><strong>3.1. Gesti\u00f3n de reservas:<\/strong><\/h3>\n\n\n\n<p><strong>finalidad <\/strong>\u2013 registro de reservas, confirmaci\u00f3n, comunicaci\u00f3n; <strong>base legal<\/strong> \u2013 RGPD Art.6(1)b<\/p>\n\n\n\n<h3 class=\"wp-block-heading\" id=\"3-2-facturacion-y-obligaciones-legales\"><strong>3.2. Facturaci\u00f3n y obligaciones legales<\/strong><\/h3>\n\n\n\n<p><strong>finalidad <\/strong>\u2013 facturaci\u00f3n, cumplimiento fiscal; <strong>base legal<\/strong> \u2013 RGPD Art.6(1)c<\/p>\n\n\n\n<h3 class=\"wp-block-heading\" id=\"3-3-atencion-al-cliente\"><strong>3.3. Atenci\u00f3n al cliente<\/strong><\/h3>\n\n\n\n<p><strong>finalidad <\/strong>\u2013 responder consultas; <strong>base legal<\/strong> \u2013 RGPD Art.6(1)b<\/p>\n\n\n\n<h3 class=\"wp-block-heading\" id=\"3-4-cookies-y-analitica-web\"><strong>3.4. Cookies y anal\u00edtica web<\/strong><\/h3>\n\n\n\n<p><strong>finalidad <\/strong>\u2013 funcionamiento del sitio web, estad\u00edsticas, mejora UX; <strong>base legal<\/strong> \u2013 cookies t\u00e9cnicas: inter\u00e9s leg\u00edtimo, anal\u00edtica: consentimiento<\/p>\n\n\n\n<h2 class=\"wp-block-heading\" id=\"4-plazos-de-conservacion-de-datos\"><strong>4. Plazos de conservaci\u00f3n de datos<\/strong><\/h2>\n\n\n\n<ul class=\"wp-block-list\">\n<li>Datos de reserva: 5 a\u00f1os<\/li>\n\n\n\n<li>Datos de facturaci\u00f3n: 6 a\u00f1os (seg\u00fan obligaciones laborales y contables)<\/li>\n\n\n\n<li>Formulario de contacto: m\u00e1ximo 1 a\u00f1o<\/li>\n\n\n\n<li>Cookies: 1 d\u00eda \u2013 24 meses (seg\u00fan tipo)<\/li>\n<\/ul>\n\n\n\n<h2 class=\"wp-block-heading\" id=\"5-transferencia-de-datos-y-procesadores\"><strong>5. Transferencia de datos y procesadores<\/strong><\/h2>\n\n\n\n<p>Acceso solo a terceros necesarios:<\/p>\n\n\n\n<ul class=\"wp-block-list\">\n<li>hosting,<\/li>\n\n\n\n<li>sistema de reservas<\/li>\n\n\n\n<li>proveedor de correo<\/li>\n\n\n\n<li>contable<\/li>\n<\/ul>\n\n\n\n<p>Todos los proveedores cumplen con GDPR<\/p>\n\n\n\n<h2 class=\"wp-block-heading\" id=\"6-obligacion-legal-real-decreto-933-2021\"><strong>6. Obligaci\u00f3n legal: Real Decreto 933\/2021<\/strong><\/h2>\n\n\n\n<p>Todos los alojamientos deben registrar y enviar datos de los hu\u00e9spedes a SES.Hospedajes<br>Datos a registrar: nombre, fecha de nacimiento, sexo, nacionalidad, tipo y n\u00famero de documento, direcci\u00f3n, tel\u00e9fono\/correo electr\u00f3nico, entrada\/salida, relaci\u00f3n con menores<\/p>\n\n\n\n<h2 class=\"wp-block-heading\" id=\"7-derechos-de-los-usuarios\"><strong>7. Derechos de los usuarios<\/strong><\/h2>\n\n\n\n<p>A felhaszn\u00e1l\u00f3k a k\u00f6vetkez\u0151 jogokkal \u00e9lhetnek:<\/p>\n\n\n\n<ul class=\"wp-block-list\">\n<li>Acceso<\/li>\n\n\n\n<li>rectificaci\u00f3n<\/li>\n\n\n\n<li>supresi\u00f3n<\/li>\n\n\n\n<li>limitaci\u00f3n<\/li>\n\n\n\n<li>portabilidad de datos<\/li>\n\n\n\n<li>oposici\u00f3n<\/li>\n\n\n\n<li>retirada de consentimiento<\/li>\n<\/ul>\n\n\n\n<p>Ejercicio de derechos: <a href=\"mailto:domjan.edit@easytenerifetravel.com\">domjan.edit@easytenerifetravel.com<\/a><\/p>\n\n\n\n<h2 class=\"wp-block-heading\" id=\"8-seguridad-de-los-datos\"><strong>8. Seguridad de los datos<\/strong><\/h2>\n\n\n\n<p>Medidas t\u00e9cnicas y organizativas adecuadas garantizan la confidencialidad, integridad y disponibilidad de los datos personales<\/p>\n\n\n\n<h2 class=\"wp-block-heading\" id=\"9-a-tajekoztato-modositasa\"><strong>9. Modificaci\u00f3n de este aviso<\/strong><\/h2>\n\n\n\n<p>El responsable se reserva el derecho de actualizar este aviso<\/p>\n\n\n\n<h2 class=\"wp-block-heading\" id=\"9-a-tajekoztato-modositasa\"><strong>10. Gesti\u00f3n de cookies<\/strong><\/h2>\n\n\n\n<p>Para la gesti\u00f3n de cookies y tecnolog\u00edas de seguimiento utilizamos la herramienta \"Real Cookie Banner\"<br>Base legal: RGPD 6(1)c y 6(1)f \u2013 inter\u00e9s leg\u00edtimo, consentimiento<br>Proporcionar datos personales no es obligatorio<\/p>\n<\/div>\n<\/div>\n","protected":false},"excerpt":{"rendered":"","protected":false},"author":2,"featured_media":0,"parent":0,"menu_order":0,"comment_status":"closed","ping_status":"closed","template":"","meta":{"_seopress_robots_primary_cat":"","_seopress_titles_title":"Pol\u00edtica de Privacidad | Apartamento Costa Verde","_seopress_titles_desc":"Pol\u00edtica de privacidad del Apartamento Costa Verde, conforme al RGPD y la normativa espa\u00f1ola, datos de hu\u00e9spedes y cookies.","_seopress_robots_index":"","_gspb_post_css":".gspb_container-id-gsbp-0119fed,.gspb_container-id-gsbp-56f5492{flex-direction:column;box-sizing:border-box}#gspb_container-id-gsbp-0119fed.gspb_container>p:last-of-type,#gspb_container-id-gsbp-56f5492.gspb_container>p:last-of-type{margin-bottom:0}#gspb_container-id-gsbp-56f5492.gspb_container{position:relative;display:flex;flex-direction:column;justify-content:flex-start;align-content:center;align-items:center}body.gspb-bodyfront #gspb_container-id-gsbp-56f5492.gspb_container{max-width:1000px}#gspb_container-id-gsbp-0119fed.gspb_container{position:relative;font-size:1.2em}#gspb_heading-id-gsbp-5dd0acb,#gspb_heading-id-gsbp-5dd0acb .gsap-g-line{text-align:center!important}#gspb_heading-id-gsbp-5dd0acb{margin-bottom:50px}#gspb_heading-id-gsbp-5dd0acb .gspb_heading_subtitle,#gspb_subheading-id-gsbp-5dd0acb{display:block;font-size:17px;line-height:22px;margin-top:5px}","iawp_total_views":0,"footnotes":""},"class_list":["post-3120","page","type-page","status-publish","hentry"],"blocksy_meta":{"has_hero_section":"disabled","styles_descriptor":{"styles":{"desktop":"","tablet":"","mobile":""},"google_fonts":[],"version":6},"content_style_source":"inherit","vertical_spacing_source":"inherit"},"_links":{"self":[{"href":"https:\/\/easytenerifetravel.com\/es\/wp-json\/wp\/v2\/pages\/3120","targetHints":{"allow":["GET"]}}],"collection":[{"href":"https:\/\/easytenerifetravel.com\/es\/wp-json\/wp\/v2\/pages"}],"about":[{"href":"https:\/\/easytenerifetravel.com\/es\/wp-json\/wp\/v2\/types\/page"}],"author":[{"embeddable":true,"href":"https:\/\/easytenerifetravel.com\/es\/wp-json\/wp\/v2\/users\/2"}],"replies":[{"embeddable":true,"href":"https:\/\/easytenerifetravel.com\/es\/wp-json\/wp\/v2\/comments?post=3120"}],"version-history":[{"count":1,"href":"https:\/\/easytenerifetravel.com\/es\/wp-json\/wp\/v2\/pages\/3120\/revisions"}],"predecessor-version":[{"id":3956,"href":"https:\/\/easytenerifetravel.com\/es\/wp-json\/wp\/v2\/pages\/3120\/revisions\/3956"}],"wp:attachment":[{"href":"https:\/\/easytenerifetravel.com\/es\/wp-json\/wp\/v2\/media?parent=3120"}],"curies":[{"name":"wp","href":"https:\/\/api.w.org\/{rel}","templated":true}]}}