{"id":3151,"date":"2025-12-04T23:21:57","date_gmt":"2025-12-04T22:21:57","guid":{"rendered":"https:\/\/easytenerifetravel.com\/fizetesi-es-foglalasi-tajekoztato\/"},"modified":"2026-02-04T12:37:39","modified_gmt":"2026-02-04T11:37:39","slug":"informacion-sobre-pago-y-reservas","status":"publish","type":"page","link":"https:\/\/easytenerifetravel.com\/es\/informacion-sobre-pago-y-reservas\/","title":{"rendered":"Informaci\u00f3n sobre pago y reservas"},"content":{"rendered":"\n<div class=\"wp-block-greenshift-blocks-container gspb_container gspb_container-gsbp-56f5492\" id=\"gspb_container-id-gsbp-56f5492\">\n<div class=\"wp-block-greenshift-blocks-container gspb_container gspb_container-gsbp-0119fed\" id=\"gspb_container-id-gsbp-0119fed\">\n<h1 id=\"gspb_heading-id-gsbp-5dd0acb\" class=\"gspb_heading gspb_heading-id-gsbp-5dd0acb \"><strong>\ud83e\uddfe<\/strong> Informaci\u00f3n sobre pago y reservas<\/h1>\n\n\n\n<p>Queremos que el proceso de reserva sea tan \u00e1gil y tranquilo como tus vacaciones.<br>A continuaci\u00f3n, resumimos la informaci\u00f3n m\u00e1s importante sobre reservas, pagos y opciones de modificaci\u00f3n.<\/p>\n\n\n\n<p>\u2705 <strong>Proceso de reserva<\/strong><br>Para finalizar la reserva se requiere un dep\u00f3sito de 150 \u20ac<br>El dep\u00f3sito se descuenta del precio total, por lo que no es un coste adicional<br>El importe restante debe pagarse al menos 10 d\u00edas antes de la llegada<br>Tambi\u00e9n es posible pagar el importe total en el momento de la reserva<\/p>\n\n\n\n<p>\ud83d\udd01 <strong>Cancelaci\u00f3n y modificaci\u00f3n<\/strong><br>El dep\u00f3sito no se devuelve en caso de cancelaci\u00f3n<br>La fecha de la reserva se puede modificar una vez; la tarifa es de 150 \u20ac, que se descuenta del precio total<br>Las modificaciones solo son posibles despu\u00e9s de pagar el dep\u00f3sito original y seg\u00fan la disponibilidad<\/p>\n\n\n\n<p>\ud83d\udcb3 <strong>M\u00e9todos de pago<\/strong><br>Enlace de pago en l\u00ednea (a trav\u00e9s de un sistema seguro)<\/p>\n\n\n\n<p>\u23f0 <strong>Pago atrasado<\/strong><br>Si no se cumplen los plazos de pago, nos reservamos el derecho de cancelar la reserva<br>En este caso, se pierde el dep\u00f3sito<\/p>\n\n\n\n<p>\ud83d\udca1 <strong>Opci\u00f3n de pago en cuotas<\/strong><br>Si se desea, es posible pagar en varias cuotas, previa coordinaci\u00f3n por escrito<br>En tal caso, se acordar\u00e1 conjuntamente el calendario de pagos<\/p>\n\n\n\n<p>\ud83d\udee0 <strong>Responsabilidad por da\u00f1os<\/strong><br>El apartamento, su mobiliario y equipamiento deben usarse correctamente<br>El hu\u00e9sped es responsable econ\u00f3micamente de cualquier da\u00f1o ocasionado<br>Recomendamos contratar un seguro de viaje, que en muchos casos cubre los costos derivados de cancelaciones o da\u00f1os<\/p>\n\n\n\n<p>\ud83d\udce7 <strong>Confirmaci\u00f3n<\/strong><br>Se enviar\u00e1 una confirmaci\u00f3n por escrito al correo electr\u00f3nico proporcionado para el dep\u00f3sito y\/o el pago total<\/p>\n\n\n\n<p>Si tienes alguna pregunta sobre la reserva o el pago, no dudes en contactarnos; \u00a1estamos encantados de ayudarte!<\/p>\n<\/div>\n<\/div>\n","protected":false},"excerpt":{"rendered":"","protected":false},"author":2,"featured_media":0,"parent":0,"menu_order":0,"comment_status":"closed","ping_status":"closed","template":"","meta":{"_seopress_robots_primary_cat":"","_seopress_titles_title":"Normas de Reserva | Apartamento Costa Verde","_seopress_titles_desc":"Normas de reserva del Apartamento Costa Verde: pagos, cancelaciones, entrada y salida, condiciones del alojamiento en Tenerife.","_seopress_robots_index":"","_gspb_post_css":".gspb_container-id-gsbp-0119fed,.gspb_container-id-gsbp-56f5492{flex-direction:column;box-sizing:border-box}#gspb_container-id-gsbp-0119fed.gspb_container>p:last-of-type,#gspb_container-id-gsbp-56f5492.gspb_container>p:last-of-type{margin-bottom:0}#gspb_container-id-gsbp-56f5492.gspb_container{position:relative;display:flex;flex-direction:column;justify-content:flex-start;align-content:center;align-items:center}body.gspb-bodyfront #gspb_container-id-gsbp-56f5492.gspb_container{max-width:1000px}#gspb_container-id-gsbp-0119fed.gspb_container{position:relative;font-size:1.2em}#gspb_heading-id-gsbp-5dd0acb,#gspb_heading-id-gsbp-5dd0acb .gsap-g-line{text-align:center!important}#gspb_heading-id-gsbp-5dd0acb{margin-bottom:50px}","iawp_total_views":0,"footnotes":""},"class_list":["post-3151","page","type-page","status-publish","hentry"],"blocksy_meta":{"has_hero_section":"disabled","styles_descriptor":{"styles":{"desktop":"","tablet":"","mobile":""},"google_fonts":[],"version":6}},"_links":{"self":[{"href":"https:\/\/easytenerifetravel.com\/es\/wp-json\/wp\/v2\/pages\/3151","targetHints":{"allow":["GET"]}}],"collection":[{"href":"https:\/\/easytenerifetravel.com\/es\/wp-json\/wp\/v2\/pages"}],"about":[{"href":"https:\/\/easytenerifetravel.com\/es\/wp-json\/wp\/v2\/types\/page"}],"author":[{"embeddable":true,"href":"https:\/\/easytenerifetravel.com\/es\/wp-json\/wp\/v2\/users\/2"}],"replies":[{"embeddable":true,"href":"https:\/\/easytenerifetravel.com\/es\/wp-json\/wp\/v2\/comments?post=3151"}],"version-history":[{"count":0,"href":"https:\/\/easytenerifetravel.com\/es\/wp-json\/wp\/v2\/pages\/3151\/revisions"}],"wp:attachment":[{"href":"https:\/\/easytenerifetravel.com\/es\/wp-json\/wp\/v2\/media?parent=3151"}],"curies":[{"name":"wp","href":"https:\/\/api.w.org\/{rel}","templated":true}]}}