{"id":2427,"date":"2025-12-04T23:21:57","date_gmt":"2025-12-04T22:21:57","guid":{"rendered":"https:\/\/easytenerifetravel.com\/?page_id=2427"},"modified":"2026-02-05T12:08:43","modified_gmt":"2026-02-05T11:08:43","slug":"fizetesi-es-foglalasi-tajekoztato","status":"publish","type":"page","link":"https:\/\/easytenerifetravel.com\/hu\/fizetesi-es-foglalasi-tajekoztato\/","title":{"rendered":"Fizet\u00e9si \u00e9s foglal\u00e1si t\u00e1j\u00e9koztat\u00f3"},"content":{"rendered":"\n<div class=\"wp-block-greenshift-blocks-container gspb_container gspb_container-gsbp-56f5492\" id=\"gspb_container-id-gsbp-56f5492\">\n<div class=\"wp-block-greenshift-blocks-container gspb_container gspb_container-gsbp-0119fed\" id=\"gspb_container-id-gsbp-0119fed\">\n<h1 id=\"gspb_heading-id-gsbp-5dd0acb\" class=\"gspb_heading gspb_heading-id-gsbp-5dd0acb \"><strong>\ud83e\uddfe<\/strong> Fizet\u00e9si \u00e9s foglal\u00e1si t\u00e1j\u00e9koztat\u00f3<\/h1>\n\n\n\n<p>Szeretn\u00e9nk, hogy a foglal\u00e1s folyamata \u00e9pp olyan g\u00f6rd\u00fcl\u00e9keny \u00e9s nyugodt legyen, mint a nyaral\u00e1sod. Az al\u00e1bbiakban \u00f6sszefoglaltuk a legfontosabb tudnival\u00f3kat a foglal\u00e1sr\u00f3l, fizet\u00e9sr\u0151l \u00e9s m\u00f3dos\u00edt\u00e1si lehet\u0151s\u00e9gekr\u0151l.<\/p>\n\n\n\n<p><strong>\u2705Foglal\u00e1s menete<\/strong><\/p>\n\n\n\n<ul class=\"wp-block-list\">\n<li>A foglal\u00e1s v\u00e9gleges\u00edt\u00e9s\u00e9hez&nbsp;<strong>150 \u20ac foglal\u00f3<\/strong>&nbsp;megfizet\u00e9se sz\u00fcks\u00e9ges.<\/li>\n\n\n\n<li>A foglal\u00f3&nbsp;<strong>a teljes \u00e1rba besz\u00e1m\u00edt<\/strong>, teh\u00e1t nem pluszk\u00f6lts\u00e9g.<\/li>\n\n\n\n<li>A fennmarad\u00f3 \u00f6sszeget legk\u00e9s\u0151bb&nbsp;<strong>az \u00e9rkez\u00e9s el\u0151tt 10 nappal<\/strong>&nbsp;k\u00e9rj\u00fck rendezni.<\/li>\n\n\n\n<li>Lehet\u0151s\u00e9g van a teljes \u00f6sszeg&nbsp;<strong>egy\u00f6sszeg\u0171 befizet\u00e9s\u00e9re is<\/strong>&nbsp;m\u00e1r a foglal\u00e1skor.<\/li>\n<\/ul>\n\n\n\n<p><strong>\ud83d\udd01<\/strong><strong> Lemond\u00e1s, m\u00f3dos\u00edt\u00e1s<\/strong><\/p>\n\n\n\n<ul class=\"wp-block-list\">\n<li>A foglal\u00f3&nbsp;<strong>lemond\u00e1s eset\u00e9n nem visszat\u00e9r\u00edtend\u0151<\/strong>.<\/li>\n\n\n\n<li>A foglal\u00e1s id\u0151pontja egyszer&nbsp;<strong>m\u00f3dos\u00edthat\u00f3<\/strong>, ennek d\u00edja&nbsp;<strong>150 \u20ac<\/strong>, amit szint\u00e9n besz\u00e1m\u00edtunk a v\u00e9g\u00f6sszegbe.<\/li>\n\n\n\n<li>A m\u00f3dos\u00edt\u00e1s csak az eredeti foglal\u00f3 megfizet\u00e9se ut\u00e1n \u00e9s szabad kapacit\u00e1s f\u00fcggv\u00e9ny\u00e9ben lehets\u00e9ges.<\/li>\n<\/ul>\n\n\n\n<p><strong>\ud83d\udcb3<\/strong><strong> Fizet\u00e9si m\u00f3dok<\/strong><\/p>\n\n\n\n<ul class=\"wp-block-list\">\n<li><strong>Online fizet\u00e9si link<\/strong>&nbsp;(biztons\u00e1gos rendszeren kereszt\u00fcl)<\/li>\n<\/ul>\n\n\n\n<p><strong>\u23f0<\/strong><strong> K\u00e9sedelmes fizet\u00e9s<\/strong><\/p>\n\n\n\n<p>Amennyiben a fizet\u00e9si hat\u00e1rid\u0151k nem teljes\u00fclnek, fenntartjuk a jogot a foglal\u00e1s t\u00f6rl\u00e9s\u00e9re. Ebben az esetben a foglal\u00f3 elveszik.<\/p>\n\n\n\n<p><strong>\ud83d\udca1<\/strong><strong> R\u00e9szletfizet\u00e9s lehet\u0151s\u00e9ge<\/strong><\/p>\n\n\n\n<p>Ig\u00e9ny eset\u00e9n lehet\u0151s\u00e9g van t\u00f6bb r\u00e9szletben t\u00f6rt\u00e9n\u0151 fizet\u00e9sre, el\u0151zetes \u00edr\u00e1sos egyeztet\u00e9s alapj\u00e1n. Ilyen esetben a fizet\u00e9si \u00fctemez\u00e9st k\u00f6z\u00f6sen r\u00f6gz\u00edtj\u00fck.<\/p>\n\n\n\n<p><strong>\ud83d\udee0<\/strong><strong> K\u00e1rfelel\u0151ss\u00e9g<\/strong><\/p>\n\n\n\n<p>Az apartmant, berendez\u00e9seit \u00e9s felszerel\u00e9seit rendeltet\u00e9sszer\u0171en kell haszn\u00e1lni. Az esetlegesen okozott k\u00e1rok\u00e9rt a vend\u00e9g anyagi felel\u0151ss\u00e9ggel tartozik.<br><strong>Aj\u00e1nljuk utasbiztos\u00edt\u00e1s megk\u00f6t\u00e9s\u00e9t<\/strong>, amely sok esetben fedezi a lemond\u00e1sb\u00f3l vagy k\u00e1resem\u00e9nyb\u0151l fakad\u00f3 k\u00f6lts\u00e9geket.<\/p>\n\n\n\n<p><strong>\ud83d\udce7<\/strong><strong> Visszaigazol\u00e1s<\/strong><\/p>\n\n\n\n<p>A foglal\u00f3 \u00e9s\/vagy teljes \u00f6sszeg be\u00e9rkez\u00e9s\u00e9r\u0151l&nbsp;<strong>\u00edr\u00e1sos visszaigazol\u00e1st k\u00fcld\u00fcnk<\/strong>&nbsp;a megadott e-mail c\u00edmre minden esetben.<\/p>\n\n\n\n<p>Ha b\u00e1rmilyen k\u00e9rd\u00e9sed lenne a foglal\u00e1ssal vagy fizet\u00e9ssel kapcsolatban, <a href=\"https:\/\/easytenerifetravel.com\/hu\/kapcsolat\/\" data-type=\"page\" data-id=\"2529\">b\u00e1tran keress minket<\/a> \u2013 sz\u00edvesen seg\u00edt\u00fcnk!<\/p>\n<\/div>\n<\/div>\n","protected":false},"excerpt":{"rendered":"","protected":false},"author":2,"featured_media":0,"parent":0,"menu_order":0,"comment_status":"closed","ping_status":"closed","template":"","meta":{"_seopress_robots_primary_cat":"","_seopress_titles_title":"Costa Verde Apartman foglal\u00e1si szab\u00e1lyzat | Sz\u00e1ll\u00e1s Tenerife, Spanyolorsz\u00e1g","_seopress_titles_desc":"A Costa Verde Apartman, Tenerife foglal\u00e1si szab\u00e1lyzata: fizet\u00e9s, lemond\u00e1s, \u00e9rkez\u00e9s \u00e9s t\u00e1voz\u00e1s felt\u00e9telei.","_seopress_robots_index":"","_gspb_post_css":".gspb_container-id-gsbp-0119fed,.gspb_container-id-gsbp-56f5492{flex-direction:column;box-sizing:border-box}#gspb_container-id-gsbp-0119fed.gspb_container>p:last-of-type,#gspb_container-id-gsbp-56f5492.gspb_container>p:last-of-type{margin-bottom:0}#gspb_container-id-gsbp-56f5492.gspb_container{position:relative;display:flex;flex-direction:column;justify-content:flex-start;align-content:center;align-items:center}body.gspb-bodyfront #gspb_container-id-gsbp-56f5492.gspb_container{max-width:1000px}#gspb_container-id-gsbp-0119fed.gspb_container{position:relative;font-size:1.2em}#gspb_heading-id-gsbp-5dd0acb,#gspb_heading-id-gsbp-5dd0acb .gsap-g-line{text-align:center!important}#gspb_heading-id-gsbp-5dd0acb{margin-bottom:50px}","iawp_total_views":28,"footnotes":""},"class_list":["post-2427","page","type-page","status-publish","hentry"],"blocksy_meta":{"has_hero_section":"disabled","styles_descriptor":{"styles":{"desktop":"","tablet":"","mobile":""},"google_fonts":[],"version":6}},"_links":{"self":[{"href":"https:\/\/easytenerifetravel.com\/hu\/wp-json\/wp\/v2\/pages\/2427","targetHints":{"allow":["GET"]}}],"collection":[{"href":"https:\/\/easytenerifetravel.com\/hu\/wp-json\/wp\/v2\/pages"}],"about":[{"href":"https:\/\/easytenerifetravel.com\/hu\/wp-json\/wp\/v2\/types\/page"}],"author":[{"embeddable":true,"href":"https:\/\/easytenerifetravel.com\/hu\/wp-json\/wp\/v2\/users\/2"}],"replies":[{"embeddable":true,"href":"https:\/\/easytenerifetravel.com\/hu\/wp-json\/wp\/v2\/comments?post=2427"}],"version-history":[{"count":1,"href":"https:\/\/easytenerifetravel.com\/hu\/wp-json\/wp\/v2\/pages\/2427\/revisions"}],"predecessor-version":[{"id":3981,"href":"https:\/\/easytenerifetravel.com\/hu\/wp-json\/wp\/v2\/pages\/2427\/revisions\/3981"}],"wp:attachment":[{"href":"https:\/\/easytenerifetravel.com\/hu\/wp-json\/wp\/v2\/media?parent=2427"}],"curies":[{"name":"wp","href":"https:\/\/api.w.org\/{rel}","templated":true}]}}